{"id":1019,"date":"2023-05-16T03:15:42","date_gmt":"2023-05-16T03:15:42","guid":{"rendered":"http:\/\/saudedavida.com.br\/?page_id=1019"},"modified":"2025-04-11T14:50:45","modified_gmt":"2025-04-11T17:50:45","slug":"contato","status":"publish","type":"page","link":"https:\/\/becoming-livingston.i.metricaz.com\/saudedavida\/contato","title":{"rendered":"Contato"},"content":{"rendered":"<div style=\"display: flex; flex-wrap: wrap; margin-bottom: 20px; gap: 20px;\">\r\n\r\n  <div style=\"flex: 1 1 300px;\">\r\n    <h2>Sa\u00fade da Vida<\/h2>\r\n    <p>Sa\u00fade da Vida \u00e9 um produto da <br><i>Metricaz Tecnologia e Marketing LTDA<\/i><\/p>\r\n    <p>\r\n      Rua \u00c1lvaro Anes, 46 CJ 113 <br \/>\r\n      Pinheiros \u2013 S\u00e3o Paulo \u2013 SP <br \/>\r\n      CEP 05421-010\r\n    <\/p>\r\n    <p>\r\n      <strong>Email:<\/strong> <a href=\"mailto:contato@metricaz.com\">contato@metricaz.com<\/a><br \/>\r\n      <strong>Telefone:<\/strong> <a href=\"tel:+5511979785068\">+55 (11) 97978-5068<\/a>\r\n    <\/p>\r\n    <p>\r\n      <strong>Redes Sociais:<\/strong><br \/>\r\n      <a href=\"https:\/\/www.instagram.com\/metricaz.mtz\/\" target=\"_blank\" rel=\"noopener\">Instagram<\/a> |\r\n      <a href=\"https:\/\/www.linkedin.com\/company\/metricaz\/\" target=\"_blank\" rel=\"noopener\">LinkedIn<\/a>\r\n    <\/p>\r\n  <\/div>\r\n\r\n  <div style=\"flex: 1 1 300px;\">\r\n    \r\n    \n    <script>function onSubmit(token) {document.getElementById(\"dm7-wp-form\").submit();}<\/script>\n    <form id=\"dm7-wp-form\" class=\"dm7-wpf\" method=\"post\" action=\"https:\/\/becoming-livingston.i.metricaz.com\/saudedavida\/wp-admin\/admin-post.php\">\n        \n<div class=\"dm7-wpf__form-group\">\n    <label for=\"dm7-wpf-name\" class=\"dm7-wpf__form-label\">Nome<\/label>\n    <input type=\"text\" id=\"dm7-wpf-name\" name=\"name\" class=\"dm7-wpf__form-control\">\n<\/div>\n\n<div class=\"dm7-wpf__form-group\">\n    <label for=\"dm7-wpf-email\" class=\"dm7-wpf__form-label\">Email<\/label>\n    <input type=\"email\" id=\"dm7-wpf-email\" name=\"email\" class=\"dm7-wpf__form-control\">\n<\/div>\n\n<div class=\"dm7-wpf__form-group\">\n    <label for=\"dm7-wpf-message\" class=\"dm7-wpf__form-label\">Mensagem<\/label>\n    <textarea name=\"message\" id=\"dm7-wpf-message\" class=\"dm7-wpf__form-control\" rows=\"10\"><\/textarea>\n<\/div>\n        <input type=\"hidden\" name=\"action\" value=\"dm7_wpf_handle_submission\">\n        <button class=\"g-recaptcha dm7-wpf__button\" data-sitekey=\"6Le18-oqAAAAAPozGgFWdc0ws-l1lMR-9TPq2fH9\" data-callback=\"onSubmit\" data-action=\"submit\">\n            Enviar\n        <\/button>\n    <\/form>\r\n    \r\n  <\/div>\r\n\r\n<\/div>","protected":false},"excerpt":{"rendered":"<p>Sa\u00fade da Vida Sa\u00fade da Vida \u00e9 um produto da Metricaz Tecnologia e Marketing LTDA Rua \u00c1lvaro Anes, 46 CJ 113 Pinheiros \u2013 S\u00e3o Paulo \u2013 SP CEP 05421-010 Email: contato@metricaz.com Telefone: +55 (11) 97978-5068 Redes Sociais: Instagram | LinkedIn<\/p>\n","protected":false},"author":16,"featured_media":0,"parent":0,"menu_order":0,"comment_status":"closed","ping_status":"closed","template":"","meta":{"footnotes":""},"class_list":["post-1019","page","type-page","status-publish","hentry"],"yoast_head":"<!-- This site is optimized with the Yoast SEO plugin v26.1.1 - https:\/\/yoast.com\/wordpress\/plugins\/seo\/ -->\n<title>Contato - sa\u00fade da vida<\/title>\n<meta name=\"robots\" content=\"index, follow, max-snippet:-1, max-image-preview:large, max-video-preview:-1\" \/>\n<link rel=\"canonical\" href=\"https:\/\/becoming-livingston.i.metricaz.com\/saudedavida\/contato\" \/>\n<meta property=\"og:locale\" content=\"pt_BR\" \/>\n<meta property=\"og:type\" content=\"article\" \/>\n<meta property=\"og:title\" content=\"Contato - sa\u00fade da vida\" \/>\n<meta property=\"og:description\" content=\"Sa\u00fade da Vida Sa\u00fade da Vida \u00e9 um produto da Metricaz Tecnologia e Marketing LTDA Rua \u00c1lvaro Anes, 46 CJ 113 Pinheiros \u2013 S\u00e3o Paulo \u2013 SP CEP 05421-010 Email: contato@metricaz.com Telefone: +55 (11) 97978-5068 Redes Sociais: Instagram | LinkedIn\" \/>\n<meta property=\"og:url\" content=\"https:\/\/becoming-livingston.i.metricaz.com\/saudedavida\/contato\" \/>\n<meta property=\"og:site_name\" content=\"sa\u00fade da vida\" \/>\n<meta property=\"article:modified_time\" content=\"2025-04-11T17:50:45+00:00\" \/>\n<meta name=\"twitter:card\" content=\"summary_large_image\" \/>\n<meta name=\"twitter:label1\" content=\"Est. tempo de leitura\" \/>\n\t<meta name=\"twitter:data1\" content=\"1 minuto\" \/>\n<script type=\"application\/ld+json\" class=\"yoast-schema-graph\">{\"@context\":\"https:\/\/schema.org\",\"@graph\":[{\"@type\":\"WebPage\",\"@id\":\"https:\/\/becoming-livingston.i.metricaz.com\/saudedavida\/contato\",\"url\":\"https:\/\/becoming-livingston.i.metricaz.com\/saudedavida\/contato\",\"name\":\"Contato - sa\u00fade da vida\",\"isPartOf\":{\"@id\":\"https:\/\/becoming-livingston.i.metricaz.com\/saudedavida\/#website\"},\"datePublished\":\"2023-05-16T03:15:42+00:00\",\"dateModified\":\"2025-04-11T17:50:45+00:00\",\"breadcrumb\":{\"@id\":\"https:\/\/becoming-livingston.i.metricaz.com\/saudedavida\/contato#breadcrumb\"},\"inLanguage\":\"pt-BR\",\"potentialAction\":[{\"@type\":\"ReadAction\",\"target\":[\"https:\/\/becoming-livingston.i.metricaz.com\/saudedavida\/contato\"]}]},{\"@type\":\"BreadcrumbList\",\"@id\":\"https:\/\/becoming-livingston.i.metricaz.com\/saudedavida\/contato#breadcrumb\",\"itemListElement\":[{\"@type\":\"ListItem\",\"position\":1,\"name\":\"In\u00edcio\",\"item\":\"https:\/\/becoming-livingston.i.metricaz.com\/saudedavida\"},{\"@type\":\"ListItem\",\"position\":2,\"name\":\"Contato\"}]},{\"@type\":\"WebSite\",\"@id\":\"https:\/\/becoming-livingston.i.metricaz.com\/saudedavida\/#website\",\"url\":\"https:\/\/becoming-livingston.i.metricaz.com\/saudedavida\/\",\"name\":\"sa\u00fade da vida\",\"description\":\"O Sa\u00fade da Vida \u00e9 um portal dedicado a inspirar e informar quem busca mais equil\u00edbrio e bem-estar no dia a dia. Com conte\u00fados focados em sa\u00fade f\u00edsica, emocional, alimenta\u00e7\u00e3o e qualidade de vida, nossa miss\u00e3o \u00e9 ajudar voc\u00ea a cuidar de si mesmo de forma pr\u00e1tica e consciente. \",\"publisher\":{\"@id\":\"https:\/\/becoming-livingston.i.metricaz.com\/saudedavida\/#organization\"},\"potentialAction\":[{\"@type\":\"SearchAction\",\"target\":{\"@type\":\"EntryPoint\",\"urlTemplate\":\"https:\/\/becoming-livingston.i.metricaz.com\/saudedavida\/?s={search_term_string}\"},\"query-input\":{\"@type\":\"PropertyValueSpecification\",\"valueRequired\":true,\"valueName\":\"search_term_string\"}}],\"inLanguage\":\"pt-BR\"},{\"@type\":\"Organization\",\"@id\":\"https:\/\/becoming-livingston.i.metricaz.com\/saudedavida\/#organization\",\"name\":\"sa\u00fade da vida\",\"url\":\"https:\/\/becoming-livingston.i.metricaz.com\/saudedavida\/\",\"logo\":{\"@type\":\"ImageObject\",\"inLanguage\":\"pt-BR\",\"@id\":\"https:\/\/becoming-livingston.i.metricaz.com\/saudedavida\/#\/schema\/logo\/image\/\",\"url\":\"https:\/\/becoming-livingston.i.metricaz.com\/saudedavida\/wp-content\/uploads\/sites\/17\/2023\/04\/logo-saude-da-vida-branco-sem-fundo-e1681598227148.png\",\"contentUrl\":\"https:\/\/becoming-livingston.i.metricaz.com\/saudedavida\/wp-content\/uploads\/sites\/17\/2023\/04\/logo-saude-da-vida-branco-sem-fundo-e1681598227148.png\",\"width\":943,\"height\":159,\"caption\":\"sa\u00fade da vida\"},\"image\":{\"@id\":\"https:\/\/becoming-livingston.i.metricaz.com\/saudedavida\/#\/schema\/logo\/image\/\"}}]}<\/script>\n<!-- \/ Yoast SEO plugin. -->","yoast_head_json":{"title":"Contato - sa\u00fade da vida","robots":{"index":"index","follow":"follow","max-snippet":"max-snippet:-1","max-image-preview":"max-image-preview:large","max-video-preview":"max-video-preview:-1"},"canonical":"https:\/\/becoming-livingston.i.metricaz.com\/saudedavida\/contato","og_locale":"pt_BR","og_type":"article","og_title":"Contato - sa\u00fade da vida","og_description":"Sa\u00fade da Vida Sa\u00fade da Vida \u00e9 um produto da Metricaz Tecnologia e Marketing LTDA Rua \u00c1lvaro Anes, 46 CJ 113 Pinheiros \u2013 S\u00e3o Paulo \u2013 SP CEP 05421-010 Email: contato@metricaz.com Telefone: +55 (11) 97978-5068 Redes Sociais: Instagram | LinkedIn","og_url":"https:\/\/becoming-livingston.i.metricaz.com\/saudedavida\/contato","og_site_name":"sa\u00fade da vida","article_modified_time":"2025-04-11T17:50:45+00:00","twitter_card":"summary_large_image","twitter_misc":{"Est. tempo de leitura":"1 minuto"},"schema":{"@context":"https:\/\/schema.org","@graph":[{"@type":"WebPage","@id":"https:\/\/becoming-livingston.i.metricaz.com\/saudedavida\/contato","url":"https:\/\/becoming-livingston.i.metricaz.com\/saudedavida\/contato","name":"Contato - sa\u00fade da vida","isPartOf":{"@id":"https:\/\/becoming-livingston.i.metricaz.com\/saudedavida\/#website"},"datePublished":"2023-05-16T03:15:42+00:00","dateModified":"2025-04-11T17:50:45+00:00","breadcrumb":{"@id":"https:\/\/becoming-livingston.i.metricaz.com\/saudedavida\/contato#breadcrumb"},"inLanguage":"pt-BR","potentialAction":[{"@type":"ReadAction","target":["https:\/\/becoming-livingston.i.metricaz.com\/saudedavida\/contato"]}]},{"@type":"BreadcrumbList","@id":"https:\/\/becoming-livingston.i.metricaz.com\/saudedavida\/contato#breadcrumb","itemListElement":[{"@type":"ListItem","position":1,"name":"In\u00edcio","item":"https:\/\/becoming-livingston.i.metricaz.com\/saudedavida"},{"@type":"ListItem","position":2,"name":"Contato"}]},{"@type":"WebSite","@id":"https:\/\/becoming-livingston.i.metricaz.com\/saudedavida\/#website","url":"https:\/\/becoming-livingston.i.metricaz.com\/saudedavida\/","name":"sa\u00fade da vida","description":"O Sa\u00fade da Vida \u00e9 um portal dedicado a inspirar e informar quem busca mais equil\u00edbrio e bem-estar no dia a dia. Com conte\u00fados focados em sa\u00fade f\u00edsica, emocional, alimenta\u00e7\u00e3o e qualidade de vida, nossa miss\u00e3o \u00e9 ajudar voc\u00ea a cuidar de si mesmo de forma pr\u00e1tica e consciente. ","publisher":{"@id":"https:\/\/becoming-livingston.i.metricaz.com\/saudedavida\/#organization"},"potentialAction":[{"@type":"SearchAction","target":{"@type":"EntryPoint","urlTemplate":"https:\/\/becoming-livingston.i.metricaz.com\/saudedavida\/?s={search_term_string}"},"query-input":{"@type":"PropertyValueSpecification","valueRequired":true,"valueName":"search_term_string"}}],"inLanguage":"pt-BR"},{"@type":"Organization","@id":"https:\/\/becoming-livingston.i.metricaz.com\/saudedavida\/#organization","name":"sa\u00fade da vida","url":"https:\/\/becoming-livingston.i.metricaz.com\/saudedavida\/","logo":{"@type":"ImageObject","inLanguage":"pt-BR","@id":"https:\/\/becoming-livingston.i.metricaz.com\/saudedavida\/#\/schema\/logo\/image\/","url":"https:\/\/becoming-livingston.i.metricaz.com\/saudedavida\/wp-content\/uploads\/sites\/17\/2023\/04\/logo-saude-da-vida-branco-sem-fundo-e1681598227148.png","contentUrl":"https:\/\/becoming-livingston.i.metricaz.com\/saudedavida\/wp-content\/uploads\/sites\/17\/2023\/04\/logo-saude-da-vida-branco-sem-fundo-e1681598227148.png","width":943,"height":159,"caption":"sa\u00fade da vida"},"image":{"@id":"https:\/\/becoming-livingston.i.metricaz.com\/saudedavida\/#\/schema\/logo\/image\/"}}]}},"_links":{"self":[{"href":"https:\/\/becoming-livingston.i.metricaz.com\/saudedavida\/wp-json\/wp\/v2\/pages\/1019","targetHints":{"allow":["GET"]}}],"collection":[{"href":"https:\/\/becoming-livingston.i.metricaz.com\/saudedavida\/wp-json\/wp\/v2\/pages"}],"about":[{"href":"https:\/\/becoming-livingston.i.metricaz.com\/saudedavida\/wp-json\/wp\/v2\/types\/page"}],"author":[{"embeddable":true,"href":"https:\/\/becoming-livingston.i.metricaz.com\/saudedavida\/wp-json\/wp\/v2\/users\/16"}],"replies":[{"embeddable":true,"href":"https:\/\/becoming-livingston.i.metricaz.com\/saudedavida\/wp-json\/wp\/v2\/comments?post=1019"}],"version-history":[{"count":0,"href":"https:\/\/becoming-livingston.i.metricaz.com\/saudedavida\/wp-json\/wp\/v2\/pages\/1019\/revisions"}],"wp:attachment":[{"href":"https:\/\/becoming-livingston.i.metricaz.com\/saudedavida\/wp-json\/wp\/v2\/media?parent=1019"}],"curies":[{"name":"wp","href":"https:\/\/api.w.org\/{rel}","templated":true}]}}